{"id":17957,"date":"2020-05-22T14:43:24","date_gmt":"2020-05-22T14:43:24","guid":{"rendered":"https:\/\/dominicandevelopers.com\/politica-privacidad\/"},"modified":"2026-02-06T13:24:19","modified_gmt":"2026-02-06T13:24:19","slug":"politica-privacidad","status":"publish","type":"page","link":"https:\/\/dominicandevelopers.com\/en\/politica-privacidad\/","title":{"rendered":"Pol\u00edtica Privacidad"},"content":{"rendered":"\n\n\n<p><strong>Datos comerciales<\/strong><\/p>\n\n\n\n<p>Titular: Renting Tracker (Desde ahora, se conocer\u00e1 como &#8220;EMPRESA&#8221;)<br>Direcci\u00f3n: C. de Dom\u00e8nec G\u00f3mez, 1, Rascanya, 46019 Val\u00e8ncia<br>Tel\u00e9fono: 722 863 805<br>Correo Electr\u00f3nico: info@rentingtracker.com<br>Sitio Web: rentingtracker.com (Desde ahora, se conocer\u00e1 como &#8220;PORTAL&#8221;)<\/p>\n\n\n\n<p>Los datos fiscales de la EMPRESA los puedes descargar en este mismo enlace.<\/p>\n\n\n\n<p><strong>TRATAMIENTO DE DATOS<\/strong><\/p>\n\n\n\n<p>Renting Tracker en cumplimento con lo establecido en el Reglamento de Protecci\u00f3n de Datos (RGPD 2016\/679), informa a todos los usuarios de la p\u00e1gina web rentingtracker.com lo establecido en cuanto a la protecci\u00f3n de datos.<\/p>\n\n\n\n<p>Para m\u00e1s informaci\u00f3n sobre la Protecci\u00f3n de Datos Personales no dudes en consultar la p\u00e1gina web de la Agencia Espa\u00f1ola de Protecci\u00f3n de datos (AEPD).<\/p>\n\n\n\n<p><strong>Informaci\u00f3n general y Tratamiento de Datos<\/strong><\/p>\n\n\n\n<p><strong>Finalidad de los datos recogidos, plazo de conservaci\u00f3n y base legal.<\/strong><\/p>\n\n\n\n<p>Todos los datos recogidos a trav\u00e9s de los formularios de contacto de esta p\u00e1gina web, cuyo responsable es Renting Tracker, se incorporar\u00e1n en su base de datos.<\/p>\n\n\n\n<p>Los datos de car\u00e1cter personal se refieren a toda aquella informaci\u00f3n referida a una persona f\u00edsica. Los datos de car\u00e1cter general recopilados por la empresa son: nombre, apellidos, n\u00ba DNI, n\u00ba tel\u00e9fono, fecha de nacimiento, vida laboral, n\u00f3minas y dem\u00e1s datos relacionados con los medios y capacidad de pago. En caso de ser necesario otro tipo de documentaci\u00f3n se informar\u00e1 al usuario.<\/p>\n\n\n\n<p><strong>Consultas y solicitudes de informaci\u00f3n<\/strong><\/p>\n\n\n\n<p><strong>Finalidad<\/strong><\/p>\n\n\n\n<p>La principal finalidad de todos los datos recopilados por Renting Tracker es para atender a todas las solicitudes de informaci\u00f3n y dudas oportunas de cada usuario. Todas las consultas son a trav\u00e9s del correo electr\u00f3nico, v\u00eda WhatsApp o telef\u00f3nicamente.<\/p>\n\n\n\n<p>Estos datos podr\u00e1n ser tratados para:<\/p>\n\n\n\n<ul class=\"wp-block-list\">\n<li>Contactar con los clientes y dar respuesta a todas sus peticiones y consultas.<\/li>\n\n\n\n<li>Gestionar todos sus pedidos.<\/li>\n\n\n\n<li>Controlar la cartera de clientes.<\/li>\n\n\n\n<li>Gestionar todas las reclamaciones pertinentes y dar respuesta r\u00e1pida.<\/li>\n<\/ul>\n\n\n\n<p><strong>Datos recogidos<\/strong><br>\u00danicamente se recopilar\u00e1n los datos estrictamente necesarios para poder llevar a cabo la actividad del servicio y las contrataciones.<\/p>\n\n\n\n<p>Los datos recogidos por Renting Tracker son: Nombre, Apellidos, Fecha de Nacimiento, Domicilio, n\u00famero del DNI, n\u00famero de tel\u00e9fono, n\u00f3minas y vida laboral.<\/p>\n\n\n\n<p><strong>Base legal<\/strong><br>Consentimiento<\/p>\n\n\n\n<p><strong>Destinatarios<\/strong><br>Toda la documentaci\u00f3n aportada la enviamos a los diferentes Proveedores, identificados en la cl\u00e1usula 3.a. con los que trabaja Renting Tracker para llevar a cabo, con normalidad, la actividad.<\/p>\n\n\n\n<p><strong>Plazo de conservaci\u00f3n<\/strong><br>Todos los datos personales estar\u00e1n conservados por un plazo m\u00e1ximo de 1 a\u00f1o con la finalidad de poder resolver dudas, gestionar reclamaciones y tramitar todas las peticiones solicitadas. Posteriormente todos los datos ser\u00e1n bloqueados hasta su borrado definitivo acorde al plazo prescriptivo de las responsabilidades legales.<\/p>\n\n\n\n<p><strong>Gesti\u00f3n precontractual y contractual de servicios de financiaci\u00f3n de veh\u00edculos<\/strong><\/p>\n\n\n\n<p><strong>Finalidad<\/strong><\/p>\n\n\n\n<p>Renting Tracker, al ser intermediario entre usuario y proveedor, act\u00faa como encargado responsable en la recogida de informaci\u00f3n precontractual necesaria para cumplimentar el contrato de renting.<\/p>\n\n\n\n<p><strong>Datos recogidos<\/strong><\/p>\n\n\n\n<p>Los datos recogidos por parte de la empresa de Renting Tracker son todos los necesarios para poder llevar a cabo el contrato. Los datos son los siguientes: Nombre, apellidos, datos de contacto, DNI, rango salarial, condici\u00f3n profesional ya sea particular, aut\u00f3nomo o empresa y el certificado de titularidad de cuenta bancaria.<\/p>\n\n\n\n<p><strong>Destinatarios<\/strong><br>En caso de contratar con alguno de los proveedores no se facilitar\u00e1 ning\u00fan dato por parte de Renting Tracker a las entidades financieras hasta la firma de la LOPD o contrato de cesi\u00f3n de datos de dicho proveedor. Se enviar\u00e1 al cliente un documento de protecci\u00f3n de datos de los proveedores y una vez firmado se facilitar\u00e1n los datos de cada uno de los clientes.<\/p>\n\n\n\n<p><strong>Plazo de conservaci\u00f3n<\/strong><br>Una vez valorada toda la documentaci\u00f3n por el departamento de riesgo para estudiar el an\u00e1lisis de riesgo, la solvencia y el seguimiento de contrataci\u00f3n, los datos permanecer\u00e1n bloqueados durante los plazos legalmente previstos.<\/p>\n\n\n\n<p><strong>Finalidades secundarias<\/strong> \u2013 seguimiento de la contrataci\u00f3n (ref. cl\u00e1usula 2.e)<\/p>\n\n\n\n<p>Renting Tracker podr\u00e1 utilizar los datos personales recogidos e indicados para esta finalidad con fines secundarios, como realizar un seguimiento de la contrataci\u00f3n realizada por el Usuario, renovar servicios, informar de nuevas ofertas y resto de servicios que ofrece la empresa. El tratamiento adicional de datos para esta finalidad secundaria \u00fanicamente se lleva a cabo en los casos en que el Usuario ha completado la contrataci\u00f3n de servicios de financiaci\u00f3n de veh\u00edculos, sobre la base del inter\u00e9s leg\u00edtimo en informar de servicios similares a los previamente contratados por el Usuario, con quien existe una relaci\u00f3n contractual previa. El Usuario puede oponerse a este tratamiento secundario dirigiendo una comunicaci\u00f3n a Renting Tracker.<\/p>\n\n\n\n<p><strong>Estudio previo de riesgo y solvencia<\/strong><\/p>\n\n\n\n<p><strong>Finalidad<\/strong><br>La finalidad de la recogida de informaci\u00f3n de los proveedores es poder realizar un estudio de riesgo y solvencia econ\u00f3mica. Renting Tracker se encarga de acumular toda la informaci\u00f3n necesaria a trav\u00e9s del correo electr\u00f3nico, formularios web y por tel\u00e9fono.<\/p>\n\n\n\n<p><strong>Datos recogidos a los diferentes usuarios: particulares, aut\u00f3nomos y empresas<\/strong><br><strong>Para personas jur\u00eddicas<\/strong>: Nombre, apellidos, datos de contacto y copia del DNI del representante, datos personales contenidos en escrituras p\u00fablicas otorgadas por la sociedad y otros datos no personales de la sociedad.<\/p>\n\n\n\n<p><strong>Para aut\u00f3nomos<\/strong>: Nombre, apellidos, datos de contacto, copia del DNI, certificado de titularidad de cuenta corriente bancaria, declaraci\u00f3n de la renta presentada en el \u00faltimo ejercicio fiscal, as\u00ed como los cuatro \u00faltimos modelos de retenciones presentados, Modelo del Impuesto de Valor A\u00f1adido (trimestral y anual), presentados en el \u00faltimo ejercicio fiscal, justificante de pago del \u00faltimo recibo de cuotas de aut\u00f3nomos y certificado de corriente de pago.<\/p>\n\n\n\n<p><strong>Para particulares<\/strong>: Nombre, apellidos, datos de contacto, copia del DNI, Certificado de titularidad de cuenta corriente bancaria, declaraci\u00f3n de la Renta o vida laboral y dos \u00faltimas n\u00f3minas.<\/p>\n\n\n\n<p><strong>Comunicaciones comerciales, incluida por v\u00eda electr\u00f3nica<\/strong><\/p>\n\n\n\n<p><strong>Finalidad<\/strong><br>Poder enviar comunicaciones comerciales a los usuarios de su inter\u00e9s a trav\u00e9s de correo electr\u00f3nico, SMS, WhatsApp, redes sociales u otras v\u00edas de comunicaci\u00f3n con el objetivo de informar acerca de nuestros servicios, ofertas, recomendaciones y campa\u00f1as publicitarias.<\/p>\n\n\n\n<p><strong>Datos recogidos<\/strong><br>Nombre, apellidos, tel\u00e9fono, correo electr\u00f3nico.<\/p>\n\n\n\n<p><strong>Base legal<\/strong><br>Todos aquellos usuarios que no hayan contratado uno de los veh\u00edculos ofertados tambi\u00e9n podr\u00e1n recibir comunicaciones comerciales siempre que se\u00f1alicen la casilla de aceptaci\u00f3n de env\u00edo de ofertas. Si el usuario no quiere continuar recibiendo este tipo de comunicaciones podr\u00e1 darse de baja del servicio. Lo mismo ocurre con los usuarios que s\u00ed que han contratado el servicio, si no desean continuar recibiendo este tipo de comunicaciones podr\u00e1n darse de baja en cualquier momento.<\/p>\n\n\n\n<p><strong>Destinatarios<\/strong><br>Empresas de servicios de marketing identificados en la cl\u00e1usula 3.b.<\/p>\n\n\n\n<p><strong>Plazo de conservaci\u00f3n<\/strong><br>Todos estos datos ser\u00e1n utilizados hasta que el usuario se d\u00e9 de baja en el servicio de comunicaciones comerciales o ejercite sus derechos de oposici\u00f3n al tratamiento de los mismos. Una vez opte por la cancelaci\u00f3n de la suscripci\u00f3n estos datos ser\u00e1n eliminados autom\u00e1ticamente.<\/p>\n\n\n\n<p><strong>An\u00e1lisis estad\u00edsticos<\/strong><\/p>\n\n\n\n<p><strong>Finalidad<\/strong><br>Para la realizaci\u00f3n de an\u00e1lisis estad\u00edsticos y mediciones de navegaci\u00f3n, toda la informaci\u00f3n es recopilada a trav\u00e9s de las cookies.<\/p>\n\n\n\n<p><strong>Datos recogidos<\/strong><br>Conoce m\u00e1s informaci\u00f3n en nuestro apartado de Pol\u00edtica de Cookies.<\/p>\n\n\n\n<p><strong>Destinatarios y Plazo de Conservaci\u00f3n<\/strong><br>Ver Pol\u00edtica de Cookies<\/p>\n\n\n\n<p><strong>Destinatarios de los datos y transferencias internacionales<\/strong><\/p>\n\n\n\n<p><strong>Entidades Financieras o Proveedores<\/strong><br>A efectos de poder prestar y realizar de la manera oportuna y correcta todos nuestros servicios de intermediaci\u00f3n y que el usuario pueda formalizar el contrato de renting con la Entidad Financiera correspondiente proporcionamos todos los datos necesarios para poder realizar el precontrato de renting y todos los datos acerca de la informaci\u00f3n precontractual necesaria para que la Entidad Financiera pueda formalizar con el Usuario.<\/p>\n\n\n\n<p>Esto significa que, para que la Entidad Financiera titular de la oferta pueda ofrecerle el veh\u00edculo seleccionado, el usuario consiente de forma expresa a la entidad la puesta a disposici\u00f3n de los datos de car\u00e1cter personal ya que es necesario para el cumplimiento a las obligaciones legales de la Entidad.<\/p>\n\n\n\n<p>En Renting Tracker informamos a todos nuestros clientes y usuarios que el uso de toda esta documentaci\u00f3n ser\u00e1 utilizado para la elaboraci\u00f3n de perfiles, consultar la informaci\u00f3n financiera de cada uno de los usuarios y registro de terceros (i.e. CIRBE, Fichero de Titularidades Financieras, listados de morosidad, ficheros de prevenci\u00f3n de fraude, etc.) de acuerdo con el estudio previo. Tambi\u00e9n ser\u00e1 utilizado para el estudio de solvencia econ\u00f3mica para conocer si el usuario tiene capacidad econ\u00f3mica para asumir costes y para enviarles comunicaciones comerciales acordes a sus intereses (siempre bajo su consentimiento). Recordamos que todos los usuarios deben consultar todos los t\u00e9rminos y condiciones de cada uno de los proveedores y Entidades Financieras con respecto al tratamiento de datos y todas las relaciones que tiene con Renting Tracker.<\/p>\n\n\n\n<p><strong>Derechos<\/strong><\/p>\n\n\n\n<p>Todos los usuarios tienen derechos en cuanto al tratamiento y recogida de sus datos personales. Este ejercicio es totalmente gratuito salvo en los casos que se formulen solicitudes excesivas y repetitivas.<\/p>\n\n\n\n<ul class=\"wp-block-list\">\n<li>Todos los usuarios podr\u00e1n acceder a sus datos personales para poder modificar alg\u00fan dato err\u00f3neo, alguna modificaci\u00f3n o solicitar la supresi\u00f3n cuando estos datos ya no sean necesarios en el ejercicio.<\/li>\n\n\n\n<li>Todos los usuarios y clientes podr\u00e1n ejercer sus derechos a trav\u00e9s de los medios de contacto (correo electr\u00f3nico, v\u00eda WhatsApp y telef\u00f3nicamente).<\/li>\n\n\n\n<li>En caso de querer poner una reclamaci\u00f3n podr\u00e1 presentar una solicitud en la Agencia Espa\u00f1ola de Protecci\u00f3n de Datos (www.aepd.es)<\/li>\n\n\n\n<li>Todos los usuarios y clientes de Renting Tracker podr\u00e1n acceder a sus datos para retirar el consentimiento y, de esta manera, se les retirar\u00e1 de toda actividad solicitada previamente.<\/li>\n\n\n\n<li>Tambi\u00e9n tendr\u00e1n derecho a oponerse al tratamiento de sus datos personales y elaboraci\u00f3n de perfiles.<\/li>\n<\/ul>\n\n\n\n<p><strong>Identidad del Responsable<\/strong><\/p>\n\n\n\n<p>Titular: Renting Tracker (Desde ahora, se conocer\u00e1 como Empresa.<br>Direcci\u00f3n:C. de Dom\u00e8nec G\u00f3mez, 1, Rascanya, 46019 Val\u00e8ncia<br>Tel\u00e9fono: 722 863 805<br>Correo Electr\u00f3nico: info@rentingtracker.com<\/p>\n\n\n\n<p><strong>Modificaci\u00f3n<\/strong><br>Nos reservamos el derecho a modificar la presente Pol\u00edtica de Privacidad en cualquier momento. Los cambios o actualizaciones de la Pol\u00edtica de Privacidad le ser\u00e1n notificados de forma expl\u00edcita, sin perjuicio de la publicaci\u00f3n de un aviso en la Plataforma, junto con la versi\u00f3n actualizada de la Pol\u00edtica de Privacidad.<\/p>\n","protected":false},"excerpt":{"rendered":"<p>Datos comerciales Titular: Renting Tracker (Desde ahora, se conocer\u00e1 como &#8220;EMPRESA&#8221;)Direcci\u00f3n: C. de Dom\u00e8nec G\u00f3mez, 1, Rascanya, 46019 Val\u00e8nciaTel\u00e9fono: 722 863 805Correo Electr\u00f3nico: info@rentingtracker.comSitio Web: rentingtracker.com (Desde ahora, se conocer\u00e1 como &#8220;PORTAL&#8221;) Los datos fiscales de la EMPRESA los puedes descargar en este mismo enlace. TRATAMIENTO DE DATOS Renting Tracker en cumplimento con lo establecido&hellip;<\/p>\n","protected":false},"author":1,"featured_media":0,"parent":0,"menu_order":0,"comment_status":"closed","ping_status":"closed","template":"","meta":{"footnotes":""},"class_list":["post-17957","page","type-page","status-publish","hentry"],"_links":{"self":[{"href":"https:\/\/dominicandevelopers.com\/en\/wp-json\/wp\/v2\/pages\/17957","targetHints":{"allow":["GET"]}}],"collection":[{"href":"https:\/\/dominicandevelopers.com\/en\/wp-json\/wp\/v2\/pages"}],"about":[{"href":"https:\/\/dominicandevelopers.com\/en\/wp-json\/wp\/v2\/types\/page"}],"author":[{"embeddable":true,"href":"https:\/\/dominicandevelopers.com\/en\/wp-json\/wp\/v2\/users\/1"}],"replies":[{"embeddable":true,"href":"https:\/\/dominicandevelopers.com\/en\/wp-json\/wp\/v2\/comments?post=17957"}],"version-history":[{"count":1,"href":"https:\/\/dominicandevelopers.com\/en\/wp-json\/wp\/v2\/pages\/17957\/revisions"}],"predecessor-version":[{"id":17958,"href":"https:\/\/dominicandevelopers.com\/en\/wp-json\/wp\/v2\/pages\/17957\/revisions\/17958"}],"wp:attachment":[{"href":"https:\/\/dominicandevelopers.com\/en\/wp-json\/wp\/v2\/media?parent=17957"}],"curies":[{"name":"wp","href":"https:\/\/api.w.org\/{rel}","templated":true}]}}