{"id":17842,"date":"2025-12-09T10:23:49","date_gmt":"2025-12-09T10:23:49","guid":{"rendered":"https:\/\/dominicandevelopers.com\/politica-cookies\/"},"modified":"2026-02-06T12:29:53","modified_gmt":"2026-02-06T12:29:53","slug":"politica-cookies","status":"publish","type":"page","link":"https:\/\/dominicandevelopers.com\/en\/politica-cookies\/","title":{"rendered":"Pol\u00edtica de Cookies"},"content":{"rendered":"\n<h3 class=\"wp-block-heading\">POLITICA DE COOKIES<\/h3>\n\n\n\n<p>Las cookies son peque\u00f1os fragmentos de texto y cantidades de&nbsp;informaci\u00f3n&nbsp;que se almacenan en el navegador una vez vas visitando las diferentes p\u00e1ginas. Las cookies analizan los perfiles de cada usuario: edad, sexo, intereses, lugar de vivienda y otros datos de inter\u00e9s. Las cookies tienen la ventaja de que facilitan y mejoran la experiencia de todos los usuarios en la navegaci\u00f3n.<\/p>\n\n\n\n<h4 class=\"wp-block-heading\">TIPOS DE COOKIES QUE UTILIZAMOS<\/h4>\n\n\n\n<p>Esta p\u00e1gina web utiliza cookies de terceros que son aquellas que se env\u00edan al ordenador de cada usuario desde un dominio o una p\u00e1gina web visitada que no es gestionada por nosotros, sino por otra entidad que trata los datos a trav\u00e9s de las cookies. Es un archivo que se descarga en el disco duro de un usuario desde cualquier sitio web.<\/p>\n\n\n\n<p>Las Cookies que utilizamos son utilizadas, exclusivamente, por fines estad\u00edsticos para realizar mediciones de las visitas recibidas a la p\u00e1gina, para ver las p\u00e1ginas m\u00e1s consultadas y el tiempo que pasan los usuarios en cada una de ellas para conseguir la mejor experiencia a todos los usuarios.<\/p>\n\n\n\n<figure class=\"wp-block-table\"><table class=\"has-fixed-layout\"><tbody><tr><td><strong>COOKIE (Y PROVEEDOR)<\/strong><\/td><td><strong>DURACI\u00d3N<\/strong><\/td><td><strong>DESCRIPCI\u00d3N<\/strong><\/td><\/tr><tr><td>__cfduid (notin.es)<\/td><td>Sesi\u00f3n<\/td><td>Publicidad<\/td><\/tr><tr><td>personalization_id (twitter.com)<\/td><td>Sesi\u00f3n<\/td><td>Twitter<\/td><\/tr><tr><td>Facebook<\/td><td>Publicidad, estad\u00edsticas y mediciones<\/td><td>Coloca Cookies en el ordenador o dispositivo y recibe la informaci\u00f3n almacenada en ellas cuando utilizas o visitas servicios prestados por otras empresas que utilizan los servicios de Facebook.<\/td><\/tr><tr><td>_ga (Google)<\/td><td>2 a\u00f1os<\/td><td>Se usa para distinguir a los usuarios.<\/td><\/tr><tr><td>_gid (Google)<\/td><td>24 horas<\/td><td>Se usa para distinguir a los usuarios.<\/td><\/tr><tr><td>_gat (Google)<\/td><td>1&nbsp;minuto<\/td><td>Se usa para limitar el porcentaje de solicitudes. Si has implementado Google Analytics mediante Google&nbsp;Tag&nbsp;Manager, esta cookie se llamar\u00e1 _dc_gtm_&lt;property-id&gt;.<\/td><\/tr><tr><td>_gali (Google)<\/td><td>30s<\/td><td>Atribuci\u00f3n de enlace mejorada.<\/td><\/tr><tr><td>_unam (SHARETHIS)<\/td><td>Persistente<\/td><td>Su finalidad es cuantificar el n\u00famero de Usuarios que comparten un determinado contenido y cu\u00e1ntas p\u00e1ginas web son visitadas a ra\u00edz de esa acci\u00f3n.<\/td><\/tr><tr><td>WordPress<\/td><td>2 a\u00f1os<\/td><td>Utilizado para el correcto funcionamiento del gestor de contenido WordPress.<\/td><\/tr><\/tbody><\/table><\/figure>\n\n\n\n<p>Si desea m\u00e1s informaci\u00f3n m\u00e1s sobre los tipos de cookies de seguimiento y an\u00e1lisis de datos de Google&nbsp;<a href=\"https:\/\/www.google.com\/intl\/es_es\/policies\/technologies\/types\/\" target=\"_blank\" rel=\"noreferrer noopener\">haga clic aqu\u00ed<\/a>.<\/p>\n\n\n\n<p>Si quieres eliminar las cookies te explicamos a continuaci\u00f3n como eliminarlas en los diferentes navegadores:<\/p>\n\n\n\n<ul class=\"wp-block-list\">\n<li><a href=\"https:\/\/support.mozilla.org\/es\/kb\/habilitar-y-deshabilitar-cookies-sitios-web-rastrear-preferencias\" target=\"_blank\" rel=\"noreferrer noopener\">Firefox<\/a><\/li>\n\n\n\n<li><a href=\"https:\/\/support.google.com\/chrome\/answer\/95647?hl=es\" target=\"_blank\" rel=\"noreferrer noopener\">Chrome<\/a><\/li>\n\n\n\n<li>Internet Explorer<\/li>\n\n\n\n<li><a href=\"https:\/\/support.apple.com\/es-es\/guide\/safari\/sfri11471\/mac\" target=\"_blank\" rel=\"noreferrer noopener\">Safari<\/a><\/li>\n<\/ul>\n\n\n\n<ul class=\"wp-block-list\">\n<li>Las Cookies que utiliza Renting Tracker son meramente informativas para medir resultados y conseguir, de esta manera, una experiencia \u00fanica para todos los usuarios que navegan por la web. Estas son las cookies que utilizamos:\n<ul class=\"wp-block-list\">\n<li>Anal\u00edticas: para conocer el n\u00famero de visitantes, clics, b\u00fasquedas realizadas, tiempo en p\u00e1gina, medir la experiencia de los usuarios y almacenar las b\u00fasquedas.<\/li>\n\n\n\n<li>Publicitarias: nos permite analizar el comportamiento de los usuarios para ajustarnos lo m\u00e1ximo posible a los intereses de la audiencia.<\/li>\n<\/ul>\n<\/li>\n<\/ul>\n","protected":false},"excerpt":{"rendered":"<p>POLITICA DE COOKIES Las cookies son peque\u00f1os fragmentos de texto y cantidades de&nbsp;informaci\u00f3n&nbsp;que se almacenan en el navegador una vez vas visitando las diferentes p\u00e1ginas. Las cookies analizan los perfiles de cada usuario: edad, sexo, intereses, lugar de vivienda y otros datos de inter\u00e9s. Las cookies tienen la ventaja de que facilitan y mejoran la&hellip;<\/p>\n","protected":false},"author":1,"featured_media":0,"parent":0,"menu_order":0,"comment_status":"closed","ping_status":"closed","template":"","meta":{"footnotes":""},"class_list":["post-17842","page","type-page","status-publish","hentry"],"_links":{"self":[{"href":"https:\/\/dominicandevelopers.com\/en\/wp-json\/wp\/v2\/pages\/17842","targetHints":{"allow":["GET"]}}],"collection":[{"href":"https:\/\/dominicandevelopers.com\/en\/wp-json\/wp\/v2\/pages"}],"about":[{"href":"https:\/\/dominicandevelopers.com\/en\/wp-json\/wp\/v2\/types\/page"}],"author":[{"embeddable":true,"href":"https:\/\/dominicandevelopers.com\/en\/wp-json\/wp\/v2\/users\/1"}],"replies":[{"embeddable":true,"href":"https:\/\/dominicandevelopers.com\/en\/wp-json\/wp\/v2\/comments?post=17842"}],"version-history":[{"count":1,"href":"https:\/\/dominicandevelopers.com\/en\/wp-json\/wp\/v2\/pages\/17842\/revisions"}],"predecessor-version":[{"id":17843,"href":"https:\/\/dominicandevelopers.com\/en\/wp-json\/wp\/v2\/pages\/17842\/revisions\/17843"}],"wp:attachment":[{"href":"https:\/\/dominicandevelopers.com\/en\/wp-json\/wp\/v2\/media?parent=17842"}],"curies":[{"name":"wp","href":"https:\/\/api.w.org\/{rel}","templated":true}]}}